{"id":16823,"date":"2023-06-22T15:16:53","date_gmt":"2023-06-22T13:16:53","guid":{"rendered":"https:\/\/taxi-tokanak.de\/?page_id=16823"},"modified":"2023-07-02T09:35:12","modified_gmt":"2023-07-02T07:35:12","slug":"agb","status":"publish","type":"page","link":"https:\/\/taxi-tokanak.de\/en\/agb\/","title":{"rendered":"AGB"},"content":{"rendered":"<div data-elementor-type=\"wp-page\" data-elementor-id=\"16823\" class=\"elementor elementor-16823\" data-elementor-post-type=\"page\">\n\t\t\t\t\t\t<section class=\"elementor-section elementor-top-section elementor-element elementor-element-fc4200f elementor-section-boxed elementor-section-height-default elementor-section-height-default\" data-id=\"fc4200f\" data-element_type=\"section\" data-e-type=\"section\">\n\t\t\t\t\t\t<div class=\"elementor-container elementor-column-gap-default\">\n\t\t\t\t\t<div class=\"elementor-column elementor-col-100 elementor-top-column elementor-element elementor-element-3d85583\" data-id=\"3d85583\" data-element_type=\"column\" data-e-type=\"column\">\n\t\t\t<div class=\"elementor-widget-wrap elementor-element-populated\">\n\t\t\t\t\t\t<div class=\"elementor-element elementor-element-a573033 elementor-widget elementor-widget-text-editor\" data-id=\"a573033\" data-element_type=\"widget\" data-e-type=\"widget\" data-widget_type=\"text-editor.default\">\n\t\t\t\t<div class=\"elementor-widget-container\">\n\t\t\t\t\t\t\t\t\t<p><span style=\"font-size: 14pt; font-family: roboto;\"><strong>General Terms and Conditions (GTC) for Taxi Tokanak<\/strong><\/span><\/p><ol><li><span style=\"font-family: roboto;\">Scope of application These General Terms and Conditions (GTC) govern the business relationship between the customer and the cab company Taxi Tokanak. By using our services, the customer agrees to these terms and conditions.<\/span><\/li><\/ol><ol start=\"2\"><li><span style=\"font-family: roboto;\"><strong>Non-binding inquiries<\/strong><\/span><\/li><\/ol><p><span style=\"font-family: roboto;\">2.1 All requests for cab rides via our platform or by phone are considered non-binding. There is no contractual obligation for both parties to confirm or accept a specific ride. 2.2 Non-binding requests can be made by phone or email.<\/span><\/p><ol start=\"3\"><li><span style=\"font-family: roboto;\"><strong>Cancellations<\/strong><\/span><\/li><\/ol><p><span style=\"font-family: roboto;\">3.1 Cancellations of rides must be communicated by phone or e-mail at least 2 hours before the agreed ride date. 3.2 In case of cancellations less than 2 hours before the trip notification, we reserve the right to charge 100% of the agreed trip amount.<\/span><\/p><ol start=\"4\"><li><span style=\"font-family: roboto;\"><strong>Increase in availability<\/strong><\/span><\/li><\/ol><p><span style=\"font-family: roboto;\">4.1 In order to increase the availability of Taxi Tokanak, certain information may be requested from Customers. 4.2. customers must confirm the requested data belonging to the request by clicking a checkbox on the platform or otherwise.<\/span><\/p><ol start=\"5\"><li><span style=\"font-family: roboto;\"><strong>Use of user data<\/strong><\/span><\/li><\/ol><p><span style=\"font-family: roboto;\">5.1 The user data provided during the request will be used exclusively for processing and handling the request. 5.2 We treat your data confidentially and do not pass it on to third parties, unless this is necessary for the fulfillment of the request or required by law.<\/span><\/p><ol start=\"6\"><li><span style=\"font-family: roboto;\"><strong>Cancellation or rejection of requests<\/strong><\/span><\/li><\/ol><p><span style=\"font-family: roboto;\">6.1 Taxi Tokanak reserves the right to cancel or refuse any request without giving any reason. 6.2 In case of cancellation or refusal of a request, we will make every effort to inform the Client as soon as possible.<\/span><\/p><ol start=\"7\"><li><span style=\"font-family: roboto;\"><strong>Review and confirmation of requests<\/strong><\/span><\/li><\/ol><p><span style=\"font-family: roboto;\">7.1 As soon as a client submits a request, Taxi Tokanak will check it for the possibility of a ride. 7.2 Based on the review, the request is either confirmed or rejected. Only with the confirmation of the request it becomes binding.<\/span><\/p><ol start=\"8\"><li><span style=\"font-family: roboto;\"><strong>Cancellation by the customer<\/strong><\/span><\/li><\/ol><p><span style=\"font-family: roboto;\">8.1 The Customer has the possibility to cancel the trip at least 2 hours before the agreed date of the trip. 8.2 Cancellations must be communicated by phone or e-mail. 8.3 In case of timely cancellation, the customer will not incur any costs.<\/span><\/p><ol start=\"9\"><li><span style=\"font-family: roboto;\"><strong>Status message and email notifications<\/strong><\/span><\/li><\/ol><p><span style=\"font-family: roboto;\">9.1 The customer will be regularly informed about the status of his request by e-mail. 9.2 The e-mail notifications contain up-to-date information on the confirmation or rejection of the request. 9.3 Based on these status messages, the Customer can view the current status of the trip request, whether it is being completed or rejected.<\/span><\/p><ol start=\"10\"><li><span style=\"font-family: roboto;\"><strong>Disclaimer<\/strong><\/span><\/li><\/ol><p><span style=\"font-family: roboto;\">10.1 Taxi Tokanak shall not be liable for any delays, failures or other inconveniences in connection with a trip request or the execution of the trip, unless they are due to gross negligence or intent on the part of Taxi Tokanak.<\/span><\/p><ol start=\"11\"><li><span style=\"font-family: roboto;\"><strong>Severability clause<\/strong><\/span><\/li><\/ol><p><span style=\"font-family: roboto;\">11.1 Should individual provisions of these GTC be or become invalid or unenforceable, this shall not affect the validity of the remaining provisions. 11.2 The invalid or unenforceable provision shall be replaced by a valid and enforceable provision that comes as close as possible to the economic purpose of the invalid or unenforceable provision.<\/span><\/p><ol start=\"12\"><li><span style=\"font-family: roboto;\"><strong>Jurisdiction<\/strong><\/span><\/li><\/ol><p><span style=\"font-family: roboto;\">12.1 For all disputes in connection with these GTC and the associated business relations, German law shall apply exclusively. 13.2 The place of jurisdiction for all disputes is the registered office of Taxi Tokanak, provided that the Client is a merchant, a legal entity under public law or a special fund under public law.<\/span><\/p><p><strong><span style=\"font-family: roboto;\">These GTC shall enter into force as of the date of publication and shall remain in force as long as they are not replaced by new GTC.<\/span><\/strong><\/p>\t\t\t\t\t\t\t\t<\/div>\n\t\t\t\t<\/div>\n\t\t\t\t\t<\/div>\n\t\t<\/div>\n\t\t\t\t\t<\/div>\n\t\t<\/section>\n\t\t\t\t<\/div>","protected":false},"excerpt":{"rendered":"<p>Allgemeine Gesch\u00e4ftsbedingungen (AGB) f\u00fcr Taxi Tokanak Geltungsbereich Diese Allgemeinen Gesch\u00e4ftsbedingungen (AGB) regeln die Gesch\u00e4ftsbeziehung zwischen dem Kunden und dem Taxiunternehmen Taxi Tokanak. Durch die Nutzung unserer Dienstleistungen erkl\u00e4rt sich der Kunde mit diesen Bedingungen einverstanden. Unverbindliche Anfragen 2.1. Alle Anfragen&#8230;<\/p>","protected":false},"author":1,"featured_media":0,"parent":0,"menu_order":0,"comment_status":"closed","ping_status":"closed","template":"","meta":{"_themeisle_gutenberg_block_has_review":false,"footnotes":""},"class_list":["post-16823","page","type-page","status-publish","hentry"],"yoast_head":"<!-- This site is optimized with the Yoast SEO plugin v27.4 - https:\/\/yoast.com\/product\/yoast-seo-wordpress\/ -->\n<title>AGB - taxi-tokanak.de<\/title>\n<meta name=\"robots\" content=\"noindex, nofollow\" \/>\n<meta property=\"og:locale\" content=\"en_US\" \/>\n<meta property=\"og:type\" content=\"article\" \/>\n<meta property=\"og:title\" content=\"AGB - taxi-tokanak.de\" \/>\n<meta property=\"og:description\" content=\"Allgemeine Gesch\u00e4ftsbedingungen (AGB) f\u00fcr Taxi Tokanak Geltungsbereich Diese Allgemeinen Gesch\u00e4ftsbedingungen (AGB) regeln die Gesch\u00e4ftsbeziehung zwischen dem Kunden und dem Taxiunternehmen Taxi Tokanak. Durch die Nutzung unserer Dienstleistungen erkl\u00e4rt sich der Kunde mit diesen Bedingungen einverstanden. Unverbindliche Anfragen 2.1. Alle Anfragen...\" \/>\n<meta property=\"og:url\" content=\"https:\/\/taxi-tokanak.de\/en\/agb\/\" \/>\n<meta property=\"og:site_name\" content=\"taxi-tokanak.de\" \/>\n<meta property=\"article:modified_time\" content=\"2023-07-02T07:35:12+00:00\" \/>\n<meta name=\"twitter:card\" content=\"summary_large_image\" \/>\n<meta name=\"twitter:label1\" content=\"Est. reading time\" \/>\n\t<meta name=\"twitter:data1\" content=\"3 minutes\" \/>\n<script type=\"application\/ld+json\" class=\"yoast-schema-graph\">{\"@context\":\"https:\\\/\\\/schema.org\",\"@graph\":[{\"@type\":\"WebPage\",\"@id\":\"https:\\\/\\\/taxi-tokanak.de\\\/agb\\\/\",\"url\":\"https:\\\/\\\/taxi-tokanak.de\\\/agb\\\/\",\"name\":\"AGB - taxi-tokanak.de\",\"isPartOf\":{\"@id\":\"https:\\\/\\\/taxi-tokanak.de\\\/#website\"},\"datePublished\":\"2023-06-22T13:16:53+00:00\",\"dateModified\":\"2023-07-02T07:35:12+00:00\",\"breadcrumb\":{\"@id\":\"https:\\\/\\\/taxi-tokanak.de\\\/agb\\\/#breadcrumb\"},\"inLanguage\":\"en-US\",\"potentialAction\":[{\"@type\":\"ReadAction\",\"target\":[\"https:\\\/\\\/taxi-tokanak.de\\\/agb\\\/\"]}]},{\"@type\":\"BreadcrumbList\",\"@id\":\"https:\\\/\\\/taxi-tokanak.de\\\/agb\\\/#breadcrumb\",\"itemListElement\":[{\"@type\":\"ListItem\",\"position\":1,\"name\":\"Startseite\",\"item\":\"https:\\\/\\\/taxi-tokanak.de\\\/\"},{\"@type\":\"ListItem\",\"position\":2,\"name\":\"AGB\"}]},{\"@type\":\"WebSite\",\"@id\":\"https:\\\/\\\/taxi-tokanak.de\\\/#website\",\"url\":\"https:\\\/\\\/taxi-tokanak.de\\\/\",\"name\":\"taxi-tokanak.de\",\"description\":\"Airport Munich - Flughafen M\u00fcnchen - Hallbergmoos\",\"publisher\":{\"@id\":\"https:\\\/\\\/taxi-tokanak.de\\\/#organization\"},\"potentialAction\":[{\"@type\":\"SearchAction\",\"target\":{\"@type\":\"EntryPoint\",\"urlTemplate\":\"https:\\\/\\\/taxi-tokanak.de\\\/?s={search_term_string}\"},\"query-input\":{\"@type\":\"PropertyValueSpecification\",\"valueRequired\":true,\"valueName\":\"search_term_string\"}}],\"inLanguage\":\"en-US\"},{\"@type\":\"Organization\",\"@id\":\"https:\\\/\\\/taxi-tokanak.de\\\/#organization\",\"name\":\"taxi-tokanak.de\",\"url\":\"https:\\\/\\\/taxi-tokanak.de\\\/\",\"logo\":{\"@type\":\"ImageObject\",\"inLanguage\":\"en-US\",\"@id\":\"https:\\\/\\\/taxi-tokanak.de\\\/#\\\/schema\\\/logo\\\/image\\\/\",\"url\":\"https:\\\/\\\/taxi-tokanak.de\\\/wp-content\\\/uploads\\\/2023\\\/05\\\/Taxi-Tokanak-Logo.png\",\"contentUrl\":\"https:\\\/\\\/taxi-tokanak.de\\\/wp-content\\\/uploads\\\/2023\\\/05\\\/Taxi-Tokanak-Logo.png\",\"width\":600,\"height\":287,\"caption\":\"taxi-tokanak.de\"},\"image\":{\"@id\":\"https:\\\/\\\/taxi-tokanak.de\\\/#\\\/schema\\\/logo\\\/image\\\/\"}}]}<\/script>\n<!-- \/ Yoast SEO plugin. -->","yoast_head_json":{"title":"AGB - taxi-tokanak.de","robots":{"index":"noindex","follow":"nofollow"},"og_locale":"en_US","og_type":"article","og_title":"AGB - taxi-tokanak.de","og_description":"Allgemeine Gesch\u00e4ftsbedingungen (AGB) f\u00fcr Taxi Tokanak Geltungsbereich Diese Allgemeinen Gesch\u00e4ftsbedingungen (AGB) regeln die Gesch\u00e4ftsbeziehung zwischen dem Kunden und dem Taxiunternehmen Taxi Tokanak. Durch die Nutzung unserer Dienstleistungen erkl\u00e4rt sich der Kunde mit diesen Bedingungen einverstanden. Unverbindliche Anfragen 2.1. Alle Anfragen...","og_url":"https:\/\/taxi-tokanak.de\/en\/agb\/","og_site_name":"taxi-tokanak.de","article_modified_time":"2023-07-02T07:35:12+00:00","twitter_card":"summary_large_image","twitter_misc":{"Est. reading time":"3 minutes"},"schema":{"@context":"https:\/\/schema.org","@graph":[{"@type":"WebPage","@id":"https:\/\/taxi-tokanak.de\/agb\/","url":"https:\/\/taxi-tokanak.de\/agb\/","name":"AGB - taxi-tokanak.de","isPartOf":{"@id":"https:\/\/taxi-tokanak.de\/#website"},"datePublished":"2023-06-22T13:16:53+00:00","dateModified":"2023-07-02T07:35:12+00:00","breadcrumb":{"@id":"https:\/\/taxi-tokanak.de\/agb\/#breadcrumb"},"inLanguage":"en-US","potentialAction":[{"@type":"ReadAction","target":["https:\/\/taxi-tokanak.de\/agb\/"]}]},{"@type":"BreadcrumbList","@id":"https:\/\/taxi-tokanak.de\/agb\/#breadcrumb","itemListElement":[{"@type":"ListItem","position":1,"name":"Startseite","item":"https:\/\/taxi-tokanak.de\/"},{"@type":"ListItem","position":2,"name":"AGB"}]},{"@type":"WebSite","@id":"https:\/\/taxi-tokanak.de\/#website","url":"https:\/\/taxi-tokanak.de\/","name":"taxi-tokanak.de","description":"Airport Munich - Flughafen M\u00fcnchen - Hallbergmoos","publisher":{"@id":"https:\/\/taxi-tokanak.de\/#organization"},"potentialAction":[{"@type":"SearchAction","target":{"@type":"EntryPoint","urlTemplate":"https:\/\/taxi-tokanak.de\/?s={search_term_string}"},"query-input":{"@type":"PropertyValueSpecification","valueRequired":true,"valueName":"search_term_string"}}],"inLanguage":"en-US"},{"@type":"Organization","@id":"https:\/\/taxi-tokanak.de\/#organization","name":"taxi-tokanak.de","url":"https:\/\/taxi-tokanak.de\/","logo":{"@type":"ImageObject","inLanguage":"en-US","@id":"https:\/\/taxi-tokanak.de\/#\/schema\/logo\/image\/","url":"https:\/\/taxi-tokanak.de\/wp-content\/uploads\/2023\/05\/Taxi-Tokanak-Logo.png","contentUrl":"https:\/\/taxi-tokanak.de\/wp-content\/uploads\/2023\/05\/Taxi-Tokanak-Logo.png","width":600,"height":287,"caption":"taxi-tokanak.de"},"image":{"@id":"https:\/\/taxi-tokanak.de\/#\/schema\/logo\/image\/"}}]}},"_links":{"self":[{"href":"https:\/\/taxi-tokanak.de\/en\/wp-json\/wp\/v2\/pages\/16823","targetHints":{"allow":["GET"]}}],"collection":[{"href":"https:\/\/taxi-tokanak.de\/en\/wp-json\/wp\/v2\/pages"}],"about":[{"href":"https:\/\/taxi-tokanak.de\/en\/wp-json\/wp\/v2\/types\/page"}],"author":[{"embeddable":true,"href":"https:\/\/taxi-tokanak.de\/en\/wp-json\/wp\/v2\/users\/1"}],"replies":[{"embeddable":true,"href":"https:\/\/taxi-tokanak.de\/en\/wp-json\/wp\/v2\/comments?post=16823"}],"version-history":[{"count":10,"href":"https:\/\/taxi-tokanak.de\/en\/wp-json\/wp\/v2\/pages\/16823\/revisions"}],"predecessor-version":[{"id":17128,"href":"https:\/\/taxi-tokanak.de\/en\/wp-json\/wp\/v2\/pages\/16823\/revisions\/17128"}],"wp:attachment":[{"href":"https:\/\/taxi-tokanak.de\/en\/wp-json\/wp\/v2\/media?parent=16823"}],"curies":[{"name":"wp","href":"https:\/\/api.w.org\/{rel}","templated":true}]}}